{"id":13,"date":"2023-11-22T18:35:21","date_gmt":"2023-11-22T18:35:21","guid":{"rendered":"https:\/\/poliformod.pl\/?page_id=13"},"modified":"2023-12-07T07:49:51","modified_gmt":"2023-12-07T07:49:51","slug":"kontakt","status":"publish","type":"page","link":"https:\/\/poliformod.pl\/index.php\/kontakt\/","title":{"rendered":"Kontakt"},"content":{"rendered":"\n<p class=\"has-large-font-size\"><strong>POLIFORMOD<\/strong> SP\u00d3\u0141KA CYWILNA <\/p>\n\n\n\n<p class=\"has-small-font-size\">S\u0141AWOMIR KAZIMIERCZUK, MAREK WITCZAK, PAWE\u0141 SMAKULSKI <br>ul. Us\u0142ugowa 8, 64-100 Leszno<\/p>\n\n\n\n<p>e-mail: <strong><a href=\"mailto:info@poliformod.pl\" target=\"_blank\" rel=\"noreferrer noopener\">info@poliformod.pl<\/a><\/strong><\/p>\n\n\n\n<p>S\u0142awomir Kazimierczuk  t.724499571    e-mail: <a href=\"mailto:slawek@poliformod.pl\">slawomir.kazimierczuk@poliformod.pl<\/a><\/p>\n\n\n\n<p>Marek Witczak  t. 697530687   e-mail: <a href=\"mailto:marek@poliformod.pl\">marek.witczak@poliformod.pl<\/a><\/p>\n\n\n\n<p>Pawe\u0142 Smakulski  t. 728086752  e-mail: <a href=\"mailto:pawel@poliformod.pl\">pawel.smakulski@poliformod.pl<\/a><\/p>\n\n\n\n<p><strong>Formularz kontaktowy<\/strong><\/p>\n\n\n<style id=\"wpforms-css-vars-root\">\n\t\t\t\t:root {\n\t\t\t\t\t--wpforms-field-border-radius: 3px;\n--wpforms-field-background-color: #ffffff;\n--wpforms-field-border-color: rgba( 0, 0, 0, 0.25 );\n--wpforms-field-text-color: rgba( 0, 0, 0, 0.7 );\n--wpforms-label-color: rgba( 0, 0, 0, 0.85 );\n--wpforms-label-sublabel-color: rgba( 0, 0, 0, 0.55 );\n--wpforms-label-error-color: #d63637;\n--wpforms-button-border-radius: 3px;\n--wpforms-button-background-color: #066aab;\n--wpforms-button-text-color: #ffffff;\n--wpforms-field-size-input-height: 43px;\n--wpforms-field-size-input-spacing: 15px;\n--wpforms-field-size-font-size: 16px;\n--wpforms-field-size-line-height: 19px;\n--wpforms-field-size-padding-h: 14px;\n--wpforms-field-size-checkbox-size: 16px;\n--wpforms-field-size-sublabel-spacing: 5px;\n--wpforms-field-size-icon-size: 1;\n--wpforms-label-size-font-size: 16px;\n--wpforms-label-size-line-height: 19px;\n--wpforms-label-size-sublabel-font-size: 14px;\n--wpforms-label-size-sublabel-line-height: 17px;\n--wpforms-button-size-font-size: 17px;\n--wpforms-button-size-height: 41px;\n--wpforms-button-size-padding-h: 15px;\n--wpforms-button-size-margin-top: 10px;\n\n\t\t\t\t}\n\t\t\t<\/style><div class=\"wpforms-container wpforms-container-full wpforms-block wpforms-block-beadbcd2-269d-44b9-b9d4-bc74a6f56a00 wpforms-render-modern\" id=\"wpforms-93\"><form id=\"wpforms-form-93\" class=\"wpforms-validate wpforms-form wpforms-ajax-form\" data-formid=\"93\" method=\"post\" enctype=\"multipart\/form-data\" action=\"\/index.php\/wp-json\/wp\/v2\/pages\/13\" data-token=\"d90b8cfce90468310bfcdafe549ca08d\"><noscript class=\"wpforms-error-noscript\">Please enable JavaScript in your browser to complete this form.<\/noscript><div class=\"wpforms-hidden\" id=\"wpforms-error-noscript\">Please enable JavaScript in your browser to complete this form.<\/div><div class=\"wpforms-field-container\"><div id=\"wpforms-93-field_0-container\" class=\"wpforms-field wpforms-field-name\" data-field-id=\"0\"><fieldset><legend class=\"wpforms-field-label\">Nazwa <span class=\"wpforms-required-label\" aria-hidden=\"true\">*<\/span><\/legend><div class=\"wpforms-field-row wpforms-field-medium\"><div class=\"wpforms-field-row-block wpforms-first wpforms-one-half\"><input type=\"text\" id=\"wpforms-93-field_0\" class=\"wpforms-field-name-first wpforms-field-required\" name=\"wpforms[fields][0][first]\" aria-errormessage=\"wpforms-93-field_0-error\" required><label for=\"wpforms-93-field_0\" class=\"wpforms-field-sublabel after \">First<\/label><\/div><div class=\"wpforms-field-row-block wpforms-one-half\"><input type=\"text\" id=\"wpforms-93-field_0-last\" class=\"wpforms-field-name-last wpforms-field-required\" name=\"wpforms[fields][0][last]\" aria-errormessage=\"wpforms-93-field_0-last-error\" required><label for=\"wpforms-93-field_0-last\" class=\"wpforms-field-sublabel after \">Last<\/label><\/div><\/div><\/fieldset><\/div><div id=\"wpforms-93-field_1-container\" class=\"wpforms-field wpforms-field-email\" data-field-id=\"1\"><label class=\"wpforms-field-label\" for=\"wpforms-93-field_1\">Adres e-mail <span class=\"wpforms-required-label\" aria-hidden=\"true\">*<\/span><\/label><input type=\"email\" id=\"wpforms-93-field_1\" class=\"wpforms-field-medium wpforms-field-required\" name=\"wpforms[fields][1]\" spellcheck=\"false\" aria-errormessage=\"wpforms-93-field_1-error\" required><\/div><div id=\"wpforms-93-field_2-container\" class=\"wpforms-field wpforms-field-textarea\" data-field-id=\"2\"><label class=\"wpforms-field-label\" for=\"wpforms-93-field_2\">Komentarz lub wiadomo\u015b\u0107<\/label><textarea id=\"wpforms-93-field_2\" class=\"wpforms-field-medium\" name=\"wpforms[fields][2]\" aria-errormessage=\"wpforms-93-field_2-error\" ><\/textarea><\/div><\/div><!-- .wpforms-field-container --><div class=\"wpforms-submit-container\" ><input type=\"hidden\" name=\"wpforms[id]\" value=\"93\"><input type=\"hidden\" name=\"wpforms[author]\" value=\"1\"><button type=\"submit\" name=\"wpforms[submit]\" id=\"wpforms-submit-93\" class=\"wpforms-submit\" data-alt-text=\"Wysy\u0142anie...\" data-submit-text=\"Prze\u015blij\" aria-live=\"assertive\" value=\"wpforms-submit\">Prze\u015blij<\/button><img loading=\"lazy\" decoding=\"async\" src=\"https:\/\/poliformod.pl\/wp-content\/plugins\/wpforms-lite\/assets\/images\/submit-spin.svg\" class=\"wpforms-submit-spinner\" style=\"display: none;\" width=\"26\" height=\"26\" alt=\"Loading\"><\/div><\/form><\/div>  <!-- .wpforms-container -->\n\n\n<p>Mapa dojazdu:<\/p>\n\n\n\n<figure class=\"wp-block-image size-full is-resized\"><a href=\"https:\/\/www.google.com\/maps\/place\/Us%C5%82ugowa+8,+64-100+Leszno\/@51.8232049,16.5854632,17z\/data=!3m1!4b1!4m6!3m5!1s0x470599b378737d4f:0xcfff03d7479b559!8m2!3d51.8232026!4d16.5872839!16s%2Fg%2F11h8n2gn2h?authuser=0&amp;entry=ttu\" target=\"_blank\" rel=\"noreferrer noopener\"><img loading=\"lazy\" decoding=\"async\" width=\"838\" height=\"836\" src=\"http:\/\/poliformod.pl\/wp-content\/uploads\/2023\/12\/mapa.jpg\" alt=\"\" class=\"wp-image-79\" style=\"width:565px;height:auto\" srcset=\"https:\/\/poliformod.pl\/wp-content\/uploads\/2023\/12\/mapa.jpg 838w, https:\/\/poliformod.pl\/wp-content\/uploads\/2023\/12\/mapa-300x300.jpg 300w, https:\/\/poliformod.pl\/wp-content\/uploads\/2023\/12\/mapa-150x150.jpg 150w, https:\/\/poliformod.pl\/wp-content\/uploads\/2023\/12\/mapa-768x766.jpg 768w\" sizes=\"auto, (max-width: 838px) 100vw, 838px\" \/><\/a><\/figure>\n\n\n\n<div class=\"wp-block-group alignfull has-contrast-color has-text-color is-vertical is-content-justification-center is-layout-flex wp-container-core-group-is-layout-f1198d31 wp-block-group-is-layout-flex\" style=\"min-height:40vh;margin-top:0;margin-bottom:0;padding-top:var(--wp--preset--spacing--60);padding-right:var(--wp--preset--spacing--50);padding-bottom:var(--wp--preset--spacing--60);padding-left:var(--wp--preset--spacing--50)\">\n<ul class=\"wp-block-social-links has-normal-icon-size is-style-logos-only is-nowrap is-layout-flex wp-container-core-social-links-is-layout-53bee8aa wp-block-social-links-is-layout-flex\"><\/ul>\n<\/div>\n","protected":false},"excerpt":{"rendered":"<p>POLIFORMOD SP\u00d3\u0141KA CYWILNA S\u0141AWOMIR KAZIMIERCZUK, MAREK WITCZAK, PAWE\u0141 SMAKULSKI ul.<\/p>\n","protected":false},"author":1,"featured_media":0,"parent":0,"menu_order":0,"comment_status":"closed","ping_status":"closed","template":"","meta":{"footnotes":""},"class_list":["post-13","page","type-page","status-publish","hentry"],"_links":{"self":[{"href":"https:\/\/poliformod.pl\/index.php\/wp-json\/wp\/v2\/pages\/13","targetHints":{"allow":["GET"]}}],"collection":[{"href":"https:\/\/poliformod.pl\/index.php\/wp-json\/wp\/v2\/pages"}],"about":[{"href":"https:\/\/poliformod.pl\/index.php\/wp-json\/wp\/v2\/types\/page"}],"author":[{"embeddable":true,"href":"https:\/\/poliformod.pl\/index.php\/wp-json\/wp\/v2\/users\/1"}],"replies":[{"embeddable":true,"href":"https:\/\/poliformod.pl\/index.php\/wp-json\/wp\/v2\/comments?post=13"}],"version-history":[{"count":16,"href":"https:\/\/poliformod.pl\/index.php\/wp-json\/wp\/v2\/pages\/13\/revisions"}],"predecessor-version":[{"id":96,"href":"https:\/\/poliformod.pl\/index.php\/wp-json\/wp\/v2\/pages\/13\/revisions\/96"}],"wp:attachment":[{"href":"https:\/\/poliformod.pl\/index.php\/wp-json\/wp\/v2\/media?parent=13"}],"curies":[{"name":"wp","href":"https:\/\/api.w.org\/{rel}","templated":true}]}}