{"id":17,"date":"2023-11-22T18:42:18","date_gmt":"2023-11-22T18:42:18","guid":{"rendered":"https:\/\/poliformod.pl\/?page_id=17"},"modified":"2023-11-27T21:27:55","modified_gmt":"2023-11-27T21:27:55","slug":"oferta","status":"publish","type":"page","link":"https:\/\/poliformod.pl\/index.php\/oferta\/","title":{"rendered":"Oferta"},"content":{"rendered":"\n<p>Z bran\u017c\u0105 poliestrow\u0105 jeste\u015bmy zwi\u0105zani od 30 lat. Jeste\u015bmy doskona\u0142ymi fachowcami, potrafimy stworzy\u0107 ka\u017cdy model wyrobu. Kolejnym krokiem jest zaprojektowanie i wykonanie formy do laminowania kontaktowego. Oba etapy wymagaj\u0105 staranno\u015bci i dok\u0142adno\u015bci. Nasze formy spe\u0142ni\u0105 wymagania  ka\u017cdego klienta. <\/p>\n\n\n\n<p>Oferujemy:                                                                                                                                                         &#8211; wykonanie modeli metod\u0105 r\u0119czn\u0105 oraz na obrabiarkach CNC,                                                                     &#8211; zaprojektowanie formy,                                                                                                                                  &#8211; wykonanie formy,                                                                                                                                               &#8211; wykonanie wyrobu ko\u0144cowego z wykonanej formy.<\/p>\n\n\n\n<p>Anga\u017cujemy si\u0119 w ka\u017cdy projekt, jeste\u015bmy otwarci na nowe pomys\u0142y i wsp\u00f3\u0142prac\u0119.                                               <\/p>\n\n\n\n<p>Zapraszamy do <a href=\"https:\/\/poliformod.pl\/index.php\/kontakt\/\">kontaktu<\/a> z nami.    <\/p>\n","protected":false},"excerpt":{"rendered":"<p>Z bran\u017c\u0105 poliestrow\u0105 jeste\u015bmy zwi\u0105zani od 30 lat. Jeste\u015bmy doskona\u0142ymi<\/p>\n","protected":false},"author":1,"featured_media":0,"parent":0,"menu_order":0,"comment_status":"closed","ping_status":"closed","template":"","meta":{"footnotes":""},"class_list":["post-17","page","type-page","status-publish","hentry"],"_links":{"self":[{"href":"https:\/\/poliformod.pl\/index.php\/wp-json\/wp\/v2\/pages\/17","targetHints":{"allow":["GET"]}}],"collection":[{"href":"https:\/\/poliformod.pl\/index.php\/wp-json\/wp\/v2\/pages"}],"about":[{"href":"https:\/\/poliformod.pl\/index.php\/wp-json\/wp\/v2\/types\/page"}],"author":[{"embeddable":true,"href":"https:\/\/poliformod.pl\/index.php\/wp-json\/wp\/v2\/users\/1"}],"replies":[{"embeddable":true,"href":"https:\/\/poliformod.pl\/index.php\/wp-json\/wp\/v2\/comments?post=17"}],"version-history":[{"count":3,"href":"https:\/\/poliformod.pl\/index.php\/wp-json\/wp\/v2\/pages\/17\/revisions"}],"predecessor-version":[{"id":71,"href":"https:\/\/poliformod.pl\/index.php\/wp-json\/wp\/v2\/pages\/17\/revisions\/71"}],"wp:attachment":[{"href":"https:\/\/poliformod.pl\/index.php\/wp-json\/wp\/v2\/media?parent=17"}],"curies":[{"name":"wp","href":"https:\/\/api.w.org\/{rel}","templated":true}]}}